{"id":2,"date":"2010-08-24T13:20:06","date_gmt":"2010-08-24T11:20:06","guid":{"rendered":"http:\/\/www.yakeo.com\/st\/?page_id=2"},"modified":"2010-08-24T14:34:08","modified_gmt":"2010-08-24T12:34:08","slug":"a-propos","status":"publish","type":"page","link":"https:\/\/www.yakeo.com\/st\/a-propos\/","title":{"rendered":"Conditions d&rsquo;utilisation"},"content":{"rendered":"<p><strong>Aspects l\u00e9gaux A lire attentivement :<\/strong><\/p>\n<p>L&rsquo;usage des services et contenus de Yakeo.com implique que vous acceptez les termes et conditions d\u00e9finies ci-dessous. Si vous \u00eates en d\u00e9saccord, vous ne devez pas utiliser Yakeo.com.<\/p>\n<p><strong>Marques d\u00e9pos\u00e9es et copyrights<\/strong><\/p>\n<p><strong>Tous les noms et marques de produits ou autres marques cit\u00e9s dans ce site<br \/>\nsont d\u00e9pos\u00e9es par leurs propri\u00e9taire respectifs. Les sources mentionn\u00e9es conservent leurs droits.<\/strong><\/p>\n<p>Annuaire<\/p>\n<p>L&rsquo;annuaire Yakeo.com est con\u00e7u pour faciliter l&rsquo;acc\u00e8s aux informations disponibles sur Internet, Yakeo.com n&rsquo;exerce aucun contr\u00f4le l\u00e9gal sur les contenus des sites qu&rsquo;il met \u00e0 la disposition de ses utilisateurs. Par cons\u00e9quent, Yakeo.com d\u00e9cline toute responsabilit\u00e9 quant \u00e0 ces contenus ainsi qu&rsquo;aux dommages pouvant r\u00e9sulter de la consultation des informations pr\u00e9sentes sur ces sites. La d\u00e9cision d&rsquo;activer ces liens rel\u00e8ve de la pleine et enti\u00e8re responsabilit\u00e9 de l&rsquo;internaute.<\/p>\n","protected":false},"excerpt":{"rendered":"<p>Aspects l\u00e9gaux A lire attentivement : L&rsquo;usage des services et contenus de Yakeo.com implique que vous acceptez les termes et conditions d\u00e9finies ci-dessous. Si vous \u00eates en d\u00e9saccord, vous ne devez pas utiliser Yakeo.com. Marques d\u00e9pos\u00e9es et copyrights Tous les noms et marques de produits ou autres marques cit\u00e9s dans ce site sont d\u00e9pos\u00e9es par [&hellip;]<\/p>\n","protected":false},"author":1,"featured_media":0,"parent":0,"menu_order":0,"comment_status":"open","ping_status":"open","template":"","meta":[],"_links":{"self":[{"href":"https:\/\/www.yakeo.com\/st\/wp-json\/wp\/v2\/pages\/2"}],"collection":[{"href":"https:\/\/www.yakeo.com\/st\/wp-json\/wp\/v2\/pages"}],"about":[{"href":"https:\/\/www.yakeo.com\/st\/wp-json\/wp\/v2\/types\/page"}],"author":[{"embeddable":true,"href":"https:\/\/www.yakeo.com\/st\/wp-json\/wp\/v2\/users\/1"}],"replies":[{"embeddable":true,"href":"https:\/\/www.yakeo.com\/st\/wp-json\/wp\/v2\/comments?post=2"}],"version-history":[{"count":2,"href":"https:\/\/www.yakeo.com\/st\/wp-json\/wp\/v2\/pages\/2\/revisions"}],"predecessor-version":[{"id":5,"href":"https:\/\/www.yakeo.com\/st\/wp-json\/wp\/v2\/pages\/2\/revisions\/5"}],"wp:attachment":[{"href":"https:\/\/www.yakeo.com\/st\/wp-json\/wp\/v2\/media?parent=2"}],"curies":[{"name":"wp","href":"https:\/\/api.w.org\/{rel}","templated":true}]}}